{"id":988239,"date":"2024-12-16T15:15:38","date_gmt":"2024-12-16T15:15:38","guid":{"rendered":"https:\/\/www.destinyproject.org\/?page_id=988239"},"modified":"2025-06-18T19:59:58","modified_gmt":"2025-06-18T19:59:58","slug":"mission","status":"publish","type":"page","link":"https:\/\/www.destinyproject.org\/es_cr\/mission\/","title":{"rendered":"MISI\u00d3N"},"content":{"rendered":"<div data-elementor-type=\"wp-page\" data-elementor-id=\"988239\" class=\"elementor elementor-988239\" data-elementor-post-type=\"page\">\n\t\t\t\t\t\t<section class=\"elementor-section elementor-top-section elementor-element elementor-element-33161bd1 elementor-section-full_width elementor-section-height-min-height animated-fast elementor-section-height-default elementor-section-items-middle elementor-invisible\" data-id=\"33161bd1\" data-element_type=\"section\" data-e-type=\"section\" data-settings=\"{&quot;background_background&quot;:&quot;classic&quot;,&quot;animation&quot;:&quot;fadeIn&quot;,&quot;animation_tablet&quot;:&quot;none&quot;}\">\n\t\t\t\t\t\t\t<div class=\"elementor-background-overlay\"><\/div>\n\t\t\t\t\t\t\t<div class=\"elementor-container elementor-column-gap-no\">\n\t\t\t\t\t<div class=\"elementor-column elementor-col-100 elementor-top-column elementor-element elementor-element-c57f77e\" data-id=\"c57f77e\" data-element_type=\"column\" data-e-type=\"column\">\n\t\t\t<div class=\"elementor-widget-wrap elementor-element-populated\">\n\t\t\t\t\t\t<div class=\"elementor-element elementor-element-db09e21 elementor-widget elementor-widget-image\" data-id=\"db09e21\" data-element_type=\"widget\" data-e-type=\"widget\" data-widget_type=\"image.default\">\n\t\t\t\t<div class=\"elementor-widget-container\">\n\t\t\t\t\t\t\t\t\t\t\t\t\t\t\t<img fetchpriority=\"high\" decoding=\"async\" width=\"380\" height=\"194\" src=\"https:\/\/www.destinyproject.org\/wp-content\/uploads\/2025\/09\/mision.png\" class=\"attachment-large size-large wp-image-988031\" alt=\"\" srcset=\"https:\/\/www.destinyproject.org\/wp-content\/uploads\/2025\/09\/mision.png 1790w, https:\/\/www.destinyproject.org\/wp-content\/uploads\/2025\/09\/mision-300x164.png 300w, https:\/\/www.destinyproject.org\/wp-content\/uploads\/2025\/09\/mision-1024x561.png 1024w, https:\/\/www.destinyproject.org\/wp-content\/uploads\/2025\/09\/mision-768x420.png 768w, https:\/\/www.destinyproject.org\/wp-content\/uploads\/2025\/09\/mision-1536x841.png 1536w, https:\/\/www.destinyproject.org\/wp-content\/uploads\/2025\/09\/mision-18x10.png 18w\" sizes=\"(max-width: 380px) 100vw, 380px\" \/>\t\t\t\t\t\t\t\t\t\t\t\t\t\t\t<\/div>\n\t\t\t\t<\/div>\n\t\t\t\t\t<\/div>\n\t\t<\/div>\n\t\t\t\t\t<\/div>\n\t\t<\/section>\n\t\t\t\t<section class=\"elementor-section elementor-top-section elementor-element elementor-element-ecfa8ee elementor-section-full_width elementor-section-stretched elementor-section-height-default elementor-section-height-default\" data-id=\"ecfa8ee\" data-element_type=\"section\" data-e-type=\"section\" data-settings=\"{&quot;stretch_section&quot;:&quot;section-stretched&quot;}\">\n\t\t\t\t\t\t<div class=\"elementor-container elementor-column-gap-no\">\n\t\t\t\t\t<div class=\"elementor-column elementor-col-50 elementor-top-column elementor-element elementor-element-5a5caaa\" data-id=\"5a5caaa\" data-element_type=\"column\" data-e-type=\"column\" data-settings=\"{&quot;background_background&quot;:&quot;classic&quot;}\">\n\t\t\t<div class=\"elementor-widget-wrap elementor-element-populated\">\n\t\t\t\t\t<div class=\"elementor-background-overlay\"><\/div>\n\t\t\t\t\t\t<div class=\"elementor-element elementor-element-6428ebf elementor-widget elementor-widget-spacer\" data-id=\"6428ebf\" data-element_type=\"widget\" data-e-type=\"widget\" data-widget_type=\"spacer.default\">\n\t\t\t\t<div class=\"elementor-widget-container\">\n\t\t\t\t\t\t\t<div class=\"elementor-spacer\">\n\t\t\t<div class=\"elementor-spacer-inner\"><\/div>\n\t\t<\/div>\n\t\t\t\t\t\t<\/div>\n\t\t\t\t<\/div>\n\t\t\t\t<div class=\"elementor-element elementor-element-c5c9e7f elementor-widget elementor-widget-spacer\" data-id=\"c5c9e7f\" data-element_type=\"widget\" data-e-type=\"widget\" data-widget_type=\"spacer.default\">\n\t\t\t\t<div class=\"elementor-widget-container\">\n\t\t\t\t\t\t\t<div class=\"elementor-spacer\">\n\t\t\t<div class=\"elementor-spacer-inner\"><\/div>\n\t\t<\/div>\n\t\t\t\t\t\t<\/div>\n\t\t\t\t<\/div>\n\t\t\t\t<div class=\"elementor-element elementor-element-9d02c44 elementor-widget elementor-widget-spacer\" data-id=\"9d02c44\" data-element_type=\"widget\" data-e-type=\"widget\" data-widget_type=\"spacer.default\">\n\t\t\t\t<div class=\"elementor-widget-container\">\n\t\t\t\t\t\t\t<div class=\"elementor-spacer\">\n\t\t\t<div class=\"elementor-spacer-inner\"><\/div>\n\t\t<\/div>\n\t\t\t\t\t\t<\/div>\n\t\t\t\t<\/div>\n\t\t\t\t<div class=\"elementor-element elementor-element-9746df0 elementor-widget elementor-widget-image\" data-id=\"9746df0\" data-element_type=\"widget\" data-e-type=\"widget\" data-widget_type=\"image.default\">\n\t\t\t\t<div class=\"elementor-widget-container\">\n\t\t\t\t\t\t\t\t\t\t\t\t\t\t\t<img decoding=\"async\" width=\"1024\" height=\"539\" src=\"https:\/\/www.destinyproject.org\/wp-content\/uploads\/2025\/09\/nuestra-intencion-copy-4-scaled.png\" class=\"attachment-large size-large wp-image-988247\" alt=\"\" srcset=\"https:\/\/www.destinyproject.org\/wp-content\/uploads\/2025\/09\/nuestra-intencion-copy-4-scaled.png 2560w, https:\/\/www.destinyproject.org\/wp-content\/uploads\/2025\/09\/nuestra-intencion-copy-4-300x161.png 300w, https:\/\/www.destinyproject.org\/wp-content\/uploads\/2025\/09\/nuestra-intencion-copy-4-1024x550.png 1024w, https:\/\/www.destinyproject.org\/wp-content\/uploads\/2025\/09\/nuestra-intencion-copy-4-768x412.png 768w, https:\/\/www.destinyproject.org\/wp-content\/uploads\/2025\/09\/nuestra-intencion-copy-4-1536x825.png 1536w, https:\/\/www.destinyproject.org\/wp-content\/uploads\/2025\/09\/nuestra-intencion-copy-4-2048x1099.png 2048w, https:\/\/www.destinyproject.org\/wp-content\/uploads\/2025\/09\/nuestra-intencion-copy-4-18x10.png 18w\" sizes=\"(max-width: 1024px) 100vw, 1024px\" \/>\t\t\t\t\t\t\t\t\t\t\t\t\t\t\t<\/div>\n\t\t\t\t<\/div>\n\t\t\t\t\t<\/div>\n\t\t<\/div>\n\t\t\t\t<div class=\"elementor-column elementor-col-50 elementor-top-column elementor-element elementor-element-9d643e5\" data-id=\"9d643e5\" data-element_type=\"column\" data-e-type=\"column\">\n\t\t\t<div class=\"elementor-widget-wrap elementor-element-populated\">\n\t\t\t\t\t\t<div class=\"elementor-element elementor-element-a70d731 elementor-widget elementor-widget-spacer\" data-id=\"a70d731\" data-element_type=\"widget\" data-e-type=\"widget\" data-widget_type=\"spacer.default\">\n\t\t\t\t<div class=\"elementor-widget-container\">\n\t\t\t\t\t\t\t<div class=\"elementor-spacer\">\n\t\t\t<div class=\"elementor-spacer-inner\"><\/div>\n\t\t<\/div>\n\t\t\t\t\t\t<\/div>\n\t\t\t\t<\/div>\n\t\t\t\t<div class=\"elementor-element elementor-element-a6a3f3c elementor-widget elementor-widget-text-editor\" data-id=\"a6a3f3c\" data-element_type=\"widget\" data-e-type=\"widget\" data-widget_type=\"text-editor.default\">\n\t\t\t\t<div class=\"elementor-widget-container\">\n\t\t\t\t\t\t\t\t\t<p><span style=\"font-weight: 400;\">Empoderar a mujeres j\u00f3venes de entre 18 y 25 a\u00f1os que han salido de una vida de abuso f\u00edsico, sexual, mental y\/o emocional, o de trata de personas, para que encuentren su voz, logren independencia y generen un impacto duradero para las futuras generaciones. Esto se logra coloc\u00e1ndolas en comunidades de apoyo que nutren su crecimiento y les ayudan a construir una base s\u00f3lida en su salud espiritual, mental, emocional y f\u00edsica, as\u00ed como en su educaci\u00f3n, carrera, relaciones y fe.<\/span><\/p>\t\t\t\t\t\t\t\t<\/div>\n\t\t\t\t<\/div>\n\t\t\t\t<div class=\"elementor-element elementor-element-38bb7a6 elementor-align-left elementor-invisible elementor-widget elementor-widget-button\" data-id=\"38bb7a6\" data-element_type=\"widget\" data-e-type=\"widget\" data-settings=\"{&quot;_animation&quot;:&quot;fadeInUp&quot;,&quot;_animation_tablet&quot;:&quot;none&quot;,&quot;_animation_mobile&quot;:&quot;none&quot;,&quot;_animation_delay&quot;:700}\" data-widget_type=\"button.default\">\n\t\t\t\t<div class=\"elementor-widget-container\">\n\t\t\t\t\t\t\t\t\t<div class=\"elementor-button-wrapper\">\n\t\t\t\t\t<a class=\"elementor-button elementor-button-link elementor-size-sm\" href=\"https:\/\/www.destinyproject.org\/es_cr\/get-involved\/\">\n\t\t\t\t\t\t<span class=\"elementor-button-content-wrapper\">\n\t\t\t\t\t\t\t\t\t<span class=\"elementor-button-text\">Invol\u00facrate<\/span>\n\t\t\t\t\t<\/span>\n\t\t\t\t\t<\/a>\n\t\t\t\t<\/div>\n\t\t\t\t\t\t\t\t<\/div>\n\t\t\t\t<\/div>\n\t\t\t\t\t<\/div>\n\t\t<\/div>\n\t\t\t\t\t<\/div>\n\t\t<\/section>\n\t\t\t\t<\/div>","protected":false},"excerpt":{"rendered":"<p>To empower 18-25 year old young women who have come out of a life of physical, sexual, mental and\/or emotional abuse or human trafficking to find their voice, achieve independence, and create a lasting impact for future generations by placing them in supportive communities who nurture their growth, and help them build a strong foundation&#8230;<\/p>","protected":false},"author":1,"featured_media":0,"parent":0,"menu_order":0,"comment_status":"closed","ping_status":"closed","template":"elementor_header_footer","meta":{"footnotes":""},"class_list":["post-988239","page","type-page","status-publish","hentry"],"_links":{"self":[{"href":"https:\/\/www.destinyproject.org\/es_cr\/wp-json\/wp\/v2\/pages\/988239","targetHints":{"allow":["GET"]}}],"collection":[{"href":"https:\/\/www.destinyproject.org\/es_cr\/wp-json\/wp\/v2\/pages"}],"about":[{"href":"https:\/\/www.destinyproject.org\/es_cr\/wp-json\/wp\/v2\/types\/page"}],"author":[{"embeddable":true,"href":"https:\/\/www.destinyproject.org\/es_cr\/wp-json\/wp\/v2\/users\/1"}],"replies":[{"embeddable":true,"href":"https:\/\/www.destinyproject.org\/es_cr\/wp-json\/wp\/v2\/comments?post=988239"}],"version-history":[{"count":44,"href":"https:\/\/www.destinyproject.org\/es_cr\/wp-json\/wp\/v2\/pages\/988239\/revisions"}],"predecessor-version":[{"id":988765,"href":"https:\/\/www.destinyproject.org\/es_cr\/wp-json\/wp\/v2\/pages\/988239\/revisions\/988765"}],"wp:attachment":[{"href":"https:\/\/www.destinyproject.org\/es_cr\/wp-json\/wp\/v2\/media?parent=988239"}],"curies":[{"name":"wp","href":"https:\/\/api.w.org\/{rel}","templated":true}]}}